{"id":65,"date":"2018-11-30T16:08:21","date_gmt":"2018-11-30T16:08:21","guid":{"rendered":"https:\/\/alz-mieten.ch\/?page_id=65"},"modified":"2025-02-11T22:35:32","modified_gmt":"2025-02-11T20:35:32","slug":"buchen","status":"publish","type":"page","link":"https:\/\/alz-mieten.ch\/index.php\/buchen\/","title":{"rendered":"Anfrage"},"content":{"rendered":"\t\t<div data-elementor-type=\"wp-post\" data-elementor-id=\"65\" class=\"elementor elementor-65\">\n\t\t\t\t\t\t<section class=\"elementor-section elementor-top-section elementor-element elementor-element-448279b elementor-section-boxed elementor-section-height-default elementor-section-height-default\" data-id=\"448279b\" data-element_type=\"section\" data-e-type=\"section\" data-settings=\"{&quot;background_background&quot;:&quot;classic&quot;}\">\n\t\t\t\t\t\t<div class=\"elementor-container elementor-column-gap-default\">\n\t\t\t\t\t<div class=\"elementor-column elementor-col-100 elementor-top-column elementor-element elementor-element-69b8fb1\" data-id=\"69b8fb1\" data-element_type=\"column\" data-e-type=\"column\">\n\t\t\t<div class=\"elementor-widget-wrap elementor-element-populated\">\n\t\t\t\t\t\t<div class=\"elementor-element elementor-element-eee2811 elementor-widget elementor-widget-spacer\" data-id=\"eee2811\" data-element_type=\"widget\" data-e-type=\"widget\" data-widget_type=\"spacer.default\">\n\t\t\t\t<div class=\"elementor-widget-container\">\n\t\t\t\t\t\t\t<div class=\"elementor-spacer\">\n\t\t\t<div class=\"elementor-spacer-inner\"><\/div>\n\t\t<\/div>\n\t\t\t\t\t\t<\/div>\n\t\t\t\t<\/div>\n\t\t\t\t\t<\/div>\n\t\t<\/div>\n\t\t\t\t\t<\/div>\n\t\t<\/section>\n\t\t\t\t<section class=\"elementor-section elementor-top-section elementor-element elementor-element-9f96a40 elementor-section-boxed elementor-section-height-default elementor-section-height-default\" data-id=\"9f96a40\" data-element_type=\"section\" data-e-type=\"section\" data-settings=\"{&quot;background_background&quot;:&quot;classic&quot;}\">\n\t\t\t\t\t\t<div class=\"elementor-container elementor-column-gap-default\">\n\t\t\t\t\t<div class=\"elementor-column elementor-col-100 elementor-top-column elementor-element elementor-element-6578d43\" data-id=\"6578d43\" data-element_type=\"column\" data-e-type=\"column\">\n\t\t\t<div class=\"elementor-widget-wrap elementor-element-populated\">\n\t\t\t\t\t\t<div class=\"elementor-element elementor-element-b88037b elementor-widget elementor-widget-text-editor\" data-id=\"b88037b\" data-element_type=\"widget\" data-e-type=\"widget\" data-widget_type=\"text-editor.default\">\n\t\t\t\t<div class=\"elementor-widget-container\">\n\t\t\t\t\t\t\t\t\t<h1><strong>ANFRAGE SENDEN<\/strong><\/h1><p><strong>Verf\u00fcgbares Datum ausw\u00e4hlen, Ihre Kontaktdaten und das Zeitfenster ausf\u00fchlen. Die Anfrage Senden. Wir \u00fcberpr\u00fcfen Ihre Anfrage und kontaktieren Sie.<\/strong><\/p>\t\t\t\t\t\t\t\t<\/div>\n\t\t\t\t<\/div>\n\t\t\t\t<div class=\"elementor-element elementor-element-e53291a elementor-widget elementor-widget-wp-widget-bookingselectwidget\" data-id=\"e53291a\" data-element_type=\"widget\" data-e-type=\"widget\" data-widget_type=\"wp-widget-bookingselectwidget.default\">\n\t\t\t\t<div class=\"elementor-widget-container\">\n\t\t\t\t\t<div class='widget_wpdev_booking wpdevelop months_num_in_row_1'><div class=\"resource_selection_div\"><select name=\"active_booking_form\" class=\"active_booking_form\" onchange=\"jQuery('.bk_forms').css('display', 'none');document.getElementById('hided_booking_form' + this.value).style.display='block';\" > <option  selected=\"SELECTED\"  value=\"1\">Luzern<\/option> <\/select><\/div> <div class=\"bk_forms\" id=\"hided_booking_form1\" style=\"display: block;\"> <div id=\"form_id572120278100\"  class=\"wpbc_container wpbc_container_booking_form  wpdevelop \" ><form  id=\"booking_form1\"   class=\"booking_form vertical\" method=\"post\" action=\"\"><div id=\"ajax_respond_insert1\" class=\"ajax_respond_insert\" style=\"display:none;\"><\/div><a name=\"bklnk1\" id=\"bklnk1\"><\/a><div id=\"booking_form_div1\" class=\"booking_form_div\"><div class=\"wpbc_booking_form_structure wpbc_form_dark\">\n  <div class=\"wpbc_structure_calendar\">\n    <div class=\"wpbc_calendar_wraper wpbc_change_over_triangle\"><div class=\"bk_calendar_frame wpbc_no_custom_width  months_num_in_row_ cal_month_num_2\" style=\"\"><div id=\"calendar_booking1\">Kalender wird geladen...<\/div><\/div><textarea id=\"date_booking1\" name=\"date_booking1\" autocomplete=\"off\" style=\"display:none;\"><\/textarea><div class=\"block_hints datepick \"><div class=\"wpdev_hint_with_text\"><div class=\"block_free datepick-days-cell\"><a>21<\/a><\/div><div class=\"block_text\">- <\/div><div class=\"block_text\">Verf\u00fcgbar<\/div><\/div><div class=\"wpdev_hint_with_text\"><div class=\"block_booked date_approved\">21<\/div><div class=\"block_text\">- <\/div><div class=\"block_text\">Gebucht<\/div><\/div><div class=\"wpdev_hint_with_text\"><div class=\"block_pending date2approve\">21<\/div><div class=\"block_text\">- <\/div><div class=\"block_text\">Reserviert<\/div><\/div><\/div><\/div>\n  <\/div>\n  <div class=\"wpbc_structure_form\">\n     <p>Firma:<br \/><span class=\"wpbc_wrap_text wpdev-form-control-wrap firma1\"><input type=\"text\" name=\"firma1\" value=\"\" autocomplete=\"firma\" size=\"40\" \/><\/span><\/p>\n     <p>Name*:<br \/><span class=\"wpbc_wrap_text wpdev-form-control-wrap name1\"><input type=\"text\" name=\"name1\" value=\"\" autocomplete=\"name\" class=\"wpdev-validates-as-required\" size=\"40\" \/><\/span><\/p>\n     <p>Vorname*:<br \/><span class=\"wpbc_wrap_text wpdev-form-control-wrap secondname1\"><input type=\"text\" name=\"secondname1\" value=\"\" autocomplete=\"secondname\" class=\"wpdev-validates-as-required\" size=\"40\" \/><\/span><\/p>\n     <p>Adresse*:<br \/><span class=\"wpbc_wrap_text wpdev-form-control-wrap adresse1\"><input type=\"text\" name=\"adresse1\" value=\"\" autocomplete=\"adresse\" class=\"wpdev-validates-as-required\" size=\"40\" \/><\/span><\/p>\n     <p>PLZ \/ Ort*:<br \/><span class=\"wpbc_wrap_text wpdev-form-control-wrap plzort1\"><input type=\"text\" name=\"plzort1\" value=\"\" autocomplete=\"plzort\" class=\"wpdev-validates-as-required\" size=\"40\" \/><\/span><\/p>\n     <p>Email*:<br \/><span class=\"wpbc_wrap_text wpdev-form-control-wrap email1\"><input type=\"text\" name=\"email1\" value=\"\" autocomplete=\"email\" class=\"wpdev-validates-as-email wpdev-validates-as-required\" size=\"40\" \/><\/span><\/p>\n     <p>Telefonnummer*:<br \/><span class=\"wpbc_wrap_text wpdev-form-control-wrap phone1\"><input type=\"text\" name=\"phone1\" value=\"\" autocomplete=\"phone\" class=\"wpdev-validates-as-required\" size=\"40\" \/><\/span><\/p>\n     <p>Zeitfenster*:<br \/><span class=\"wpbc_wrap_select wpdev-form-control-wrap rangetime1\"><select onchange=\"javascript:if(typeof( showCostHintInsideBkForm ) == 'function') {  showCostHintInsideBkForm(1);}\" name=\"rangetime1\" autocomplete=\"rangetime\" class=\"wpdev-validates-as-required\"><option value=\"07:00 - 19:00\">1 Tag 07:00 - 19:00<\/option><option value=\"07:00 - 12:00\">1\/2 Tag 07:00 12:00<\/option><option value=\"14:00 - 19:00\">1\/2 Tag 14:00 19:00<\/option><option value=\"00:00 - 00:01\">24 Stunden Miete<\/option><option value=\"00:00 - 00:01\">Wunschtermin in der Nachricht<\/option><\/select><\/span><\/p>\n     <p>Nachricht*:<br \/><span class=\"wpbc_wrap_textarea wpdev-form-control-wrap details1\"><textarea name=\"details1\" autocomplete=\"details\" class=\"wpdev-validates-as-required\"><\/textarea><\/span><\/p>\n     <p><span class=\"wpbc_wrap_checkbox wpdev-form-control-wrap agbs1\"><span autocomplete=\"agbs\" class=\"wpdev-validates-as-required wpdev-checkbox\"><span class=\"wpdev-list-item\"><input  autocomplete=\"agbs\" class=\"wpdev-validates-as-required wpdev-checkbox\" id=\"checkboxid177677105005534\"  onchange=\"javascript:if(typeof( showCostHintInsideBkForm ) == 'function') {  showCostHintInsideBkForm(1);}\"  type=\"checkbox\"  name=\"agbs1[]\"  value=\"AGB`s gelesen\" \/>&nbsp;<label for=\"checkboxid177677105005534\"  class=\"wpdev-list-item-label\">AGB`s gelesen<\/label><\/span><\/span><\/span><\/p>\n     <p><\/p>\n     <p><input type=\"button\" value=\"Senden\" class=\"wpbc_button_light btn\" onclick=\"mybooking_submit(this.form,1, 'de_DE' );\" \/><img decoding=\"async\" class=\"ajax-loader\"  style=\"vertical-align:middle;box-shadow:none;width:14px;visibility: hidden;\" alt=\"ajax loader\" src=\"https:\/\/alz-mieten.ch\/wp-content\/plugins\/booking.personal.10.0\/assets\/img\/ajax-loader.gif\" \/><\/p>\n  <\/div>\n<\/div>\n<div class=\"wpbc_booking_form_footer\"><\/div><input id=\"bk_type1\" name=\"bk_type1\" class=\"\" type=\"hidden\" value=\"1\" \/><\/div><div id=\"submiting1\"><\/div><div class=\"form_bk_messages\" id=\"form_bk_messages1\" ><\/div><input type=\"hidden\" id=\"wpbc_nonceCALCULATE_THE_COST1\" name=\"wpbc_nonceCALCULATE_THE_COST1\" value=\"2452c828d1\" \/><input type=\"hidden\" name=\"_wp_http_referer\" value=\"\/index.php\/wp-json\/wp\/v2\/pages\/65\" \/><\/form><\/div><div id=\"booking_form_garbage1\" class=\"booking_form_garbage\"><\/div><script type=\"text\/javascript\">\n                                jQuery(document).ready( function(){\n                                    jQuery(\".widget_wpdev_booking .booking_form.form-horizontal\").removeClass(\"form-horizontal\");\n                                    var visible_booking_id_on_page_num = visible_booking_id_on_page.length;\n                                    if (visible_booking_id_on_page_num !== null ) {\n                                        for (var i=0;i< visible_booking_id_on_page_num ;i++){\n                                          if ( visible_booking_id_on_page[i]==\"booking_form_div1\" ) {\n                                              document.getElementById(\"form_id572120278100\").innerHTML = \"<span style='color:#A00;font-size:10px;'>Warning! Booking calendar for this booking resource are already at the page, please check more about this issue at this page: https:\/\/wpbookingcalendar.com\/faq\/why-the-booking-calendar-widget-not-show-on-page\/<\/span>\";                                                                                                  \n                                              jQuery(\"#form_id572120278100\").animate( {opacity: 1}, 10000 ).fadeOut(5000);\n                                              return;\n                                          }\n                                        }\n                                        visible_booking_id_on_page[ visible_booking_id_on_page_num ]=\"booking_form_div1\";\n                                    }\n                                });\n                            <\/script> <script type='text\/javascript'> jQuery(document).ready( function(){  _wpbc.balancer__set_max_threads( 3 );  _wpbc.calendar__set_param_value( 1 , 'calendar_scroll_to' , false );  _wpbc.calendar__set_param_value( 1 , 'booking_max_monthes_in_calendar' , '10y' );  _wpbc.calendar__set_param_value( 1 , 'booking_start_day_weeek' , '1' );  _wpbc.calendar__set_param_value( 1 , 'calendar_number_of_months' , '2' );   _wpbc.calendar__set_param_value( 1, 'days_select_mode', 'multiple' );   _wpbc.calendar__set_param_value( 1, 'fixed__days_num', 0 );   _wpbc.calendar__set_param_value( 1, 'fixed__week_days__start',   [] );   _wpbc.calendar__set_param_value( 1, 'dynamic__days_min', 0 );   _wpbc.calendar__set_param_value( 1, 'dynamic__days_max', 0 );   _wpbc.calendar__set_param_value( 1, 'dynamic__days_specific',    [] );   _wpbc.calendar__set_param_value( 1, 'dynamic__week_days__start', [] );   _wpbc.calendar__set_param_value( 1, 'booking_date_format', 'j. F Y' );   _wpbc.calendar__set_param_value( 1, 'booking_time_format', 'H:i' );  _wpbc.set_other_param( 'message_dates_times_unavailable', 'These dates and times in this calendar are already booked or unavailable.' );  _wpbc.set_other_param( 'message_choose_alternative_dates', 'Please choose alternative date(s), times, or adjust the number of slots booked.' );  _wpbc.set_other_param( 'message_cannot_save_in_one_resource', 'It is not possible to store this sequence of the dates into the one same resource.' );   if ( 'function' === typeof ( wpbc__conditions__SAVE_INITIAL__days_selection_params__bm ) ){ wpbc__conditions__SAVE_INITIAL__days_selection_params__bm( 1 ); }   wpbc_calendar_show( '1' );   _wpbc.set_secure_param( 'nonce',   'aa3f167f02' );   _wpbc.set_secure_param( 'user_id', '0' );   _wpbc.set_secure_param( 'locale',  'de_DE' );  wpbc_calendar__load_data__ajx( {\"resource_id\":1,\"booking_hash\":\"\",\"request_uri\":\"\\\/index.php\\\/wp-json\\\/wp\\\/v2\\\/pages\\\/65\",\"custom_form\":\"standard\",\"aggregate_resource_id_str\":\"\",\"aggregate_type\":\"all\"} );  } ); <\/script><\/div><\/div>\t\t\t\t<\/div>\n\t\t\t\t<\/div>\n\t\t\t\t\t<\/div>\n\t\t<\/div>\n\t\t\t\t\t<\/div>\n\t\t<\/section>\n\t\t\t\t<section class=\"elementor-section elementor-top-section elementor-element elementor-element-c5d42a2 elementor-section-boxed elementor-section-height-default elementor-section-height-default\" data-id=\"c5d42a2\" data-element_type=\"section\" data-e-type=\"section\">\n\t\t\t\t\t\t<div class=\"elementor-container elementor-column-gap-default\">\n\t\t\t\t\t<div class=\"elementor-column elementor-col-100 elementor-top-column elementor-element elementor-element-756f67d\" data-id=\"756f67d\" data-element_type=\"column\" data-e-type=\"column\">\n\t\t\t<div class=\"elementor-widget-wrap elementor-element-populated\">\n\t\t\t\t\t\t<div class=\"elementor-element elementor-element-9077084 elementor-widget elementor-widget-spacer\" data-id=\"9077084\" data-element_type=\"widget\" data-e-type=\"widget\" data-widget_type=\"spacer.default\">\n\t\t\t\t<div class=\"elementor-widget-container\">\n\t\t\t\t\t\t\t<div class=\"elementor-spacer\">\n\t\t\t<div class=\"elementor-spacer-inner\"><\/div>\n\t\t<\/div>\n\t\t\t\t\t\t<\/div>\n\t\t\t\t<\/div>\n\t\t\t\t\t<\/div>\n\t\t<\/div>\n\t\t\t\t\t<\/div>\n\t\t<\/section>\n\t\t\t\t<\/div>\n\t\t","protected":false},"excerpt":{"rendered":"<p>ANFRAGE SENDEN Verf\u00fcgbares Datum ausw\u00e4hlen, Ihre Kontaktdaten und das Zeitfenster ausf\u00fchlen. Die Anfrage Senden. Wir \u00fcberpr\u00fcfen Ihre Anfrage und kontaktieren Sie.<\/p>\n","protected":false},"author":1,"featured_media":0,"parent":0,"menu_order":0,"comment_status":"closed","ping_status":"closed","template":"page-templates\/template-pagebuilder-full-width.php","meta":{"_joinchat":[],"footnotes":""},"class_list":["post-65","page","type-page","status-publish","hentry"],"_links":{"self":[{"href":"https:\/\/alz-mieten.ch\/index.php\/wp-json\/wp\/v2\/pages\/65","targetHints":{"allow":["GET"]}}],"collection":[{"href":"https:\/\/alz-mieten.ch\/index.php\/wp-json\/wp\/v2\/pages"}],"about":[{"href":"https:\/\/alz-mieten.ch\/index.php\/wp-json\/wp\/v2\/types\/page"}],"author":[{"embeddable":true,"href":"https:\/\/alz-mieten.ch\/index.php\/wp-json\/wp\/v2\/users\/1"}],"replies":[{"embeddable":true,"href":"https:\/\/alz-mieten.ch\/index.php\/wp-json\/wp\/v2\/comments?post=65"}],"version-history":[{"count":89,"href":"https:\/\/alz-mieten.ch\/index.php\/wp-json\/wp\/v2\/pages\/65\/revisions"}],"predecessor-version":[{"id":2432,"href":"https:\/\/alz-mieten.ch\/index.php\/wp-json\/wp\/v2\/pages\/65\/revisions\/2432"}],"wp:attachment":[{"href":"https:\/\/alz-mieten.ch\/index.php\/wp-json\/wp\/v2\/media?parent=65"}],"curies":[{"name":"wp","href":"https:\/\/api.w.org\/{rel}","templated":true}]}}