{"id":2338,"date":"2023-08-20T10:02:55","date_gmt":"2023-08-20T08:02:55","guid":{"rendered":"https:\/\/alz-mieten.ch\/?page_id=2338"},"modified":"2023-08-20T10:12:59","modified_gmt":"2023-08-20T08:12:59","slug":"ueber-uns","status":"publish","type":"page","link":"https:\/\/alz-mieten.ch\/index.php\/ueber-uns\/","title":{"rendered":"\u00dcber uns"},"content":{"rendered":"\t\t<div data-elementor-type=\"wp-page\" data-elementor-id=\"2338\" class=\"elementor elementor-2338\">\n\t\t\t\t\t\t<section class=\"elementor-section elementor-top-section elementor-element elementor-element-793c208 elementor-section-boxed elementor-section-height-default elementor-section-height-default\" data-id=\"793c208\" data-element_type=\"section\" data-e-type=\"section\">\n\t\t\t\t\t\t<div class=\"elementor-container elementor-column-gap-default\">\n\t\t\t\t\t<div class=\"elementor-column elementor-col-100 elementor-top-column elementor-element elementor-element-b6e1575\" data-id=\"b6e1575\" data-element_type=\"column\" data-e-type=\"column\">\n\t\t\t<div class=\"elementor-widget-wrap elementor-element-populated\">\n\t\t\t\t\t\t<div class=\"elementor-element elementor-element-ab16719 elementor-widget elementor-widget-heading\" data-id=\"ab16719\" data-element_type=\"widget\" data-e-type=\"widget\" data-widget_type=\"heading.default\">\n\t\t\t\t<div class=\"elementor-widget-container\">\n\t\t\t\t\t<h2 class=\"elementor-heading-title elementor-size-default\">ALZ Lieferwagenvermietung GmbH<\/h2>\t\t\t\t<\/div>\n\t\t\t\t<\/div>\n\t\t\t\t<div class=\"elementor-element elementor-element-2f23864 elementor-widget elementor-widget-heading\" data-id=\"2f23864\" data-element_type=\"widget\" data-e-type=\"widget\" data-widget_type=\"heading.default\">\n\t\t\t\t<div class=\"elementor-widget-container\">\n\t\t\t\t\t<h4 class=\"elementor-heading-title elementor-size-default\">Ihre Fracht, Unser Service<\/h4>\t\t\t\t<\/div>\n\t\t\t\t<\/div>\n\t\t\t\t\t<\/div>\n\t\t<\/div>\n\t\t\t\t\t<\/div>\n\t\t<\/section>\n\t\t\t\t<section class=\"elementor-section elementor-top-section elementor-element elementor-element-bee828a elementor-section-boxed elementor-section-height-default elementor-section-height-default\" data-id=\"bee828a\" data-element_type=\"section\" data-e-type=\"section\">\n\t\t\t\t\t\t<div class=\"elementor-container elementor-column-gap-default\">\n\t\t\t\t\t<div class=\"elementor-column elementor-col-100 elementor-top-column elementor-element elementor-element-ca1d862\" data-id=\"ca1d862\" data-element_type=\"column\" data-e-type=\"column\">\n\t\t\t<div class=\"elementor-widget-wrap elementor-element-populated\">\n\t\t\t\t\t\t<div class=\"elementor-element elementor-element-97f3b71 elementor-widget elementor-widget-text-editor\" data-id=\"97f3b71\" data-element_type=\"widget\" data-e-type=\"widget\" data-widget_type=\"text-editor.default\">\n\t\t\t\t<div class=\"elementor-widget-container\">\n\t\t\t\t\t\t\t\t\t<p>Willkommen bei ALZ!<\/p><p>Unser Unternehmen ist Ihr zuverl\u00e4ssiger Partner, wenn es um die Vermietung von Lieferwagen geht. Unser Fokus liegt darauf, Ihnen hochwertige Fahrzeuge f\u00fcr Ihre Transportbed\u00fcrfnisse zur Verf\u00fcgung zu stellen. Egal ob Umzug, Warenlieferung oder andere Transportanliegen \u2013 bei uns finden Sie garantiert das geeignete Fahrzeug, um Ihre G\u00fcter sicher und effizient an ihr Ziel zu bringen<\/p><p><strong>Unsere Vision:<\/strong><\/p><p>Unsere Vision bei ALZ ist es, eine umfassende L\u00f6sung f\u00fcr Ihre Transportanforderungen zu bieten. Wir verstehen, dass nicht jeder \u00fcber ein eigenes Fahrzeug verf\u00fcgt, das den Raum und die Kapazit\u00e4t f\u00fcr bestimmte Aufgaben bietet. Genau hier kommen wir ins Spiel. Unser Ziel ist es, Ihnen Zugang zu einer Flotte von Lieferwagen zu verschaffen, um Ihren individuellen Anforderungen gerecht zu werden.<\/p><p><strong>Unsere Werte:<\/strong><\/p><ol><li><strong>Zuverl\u00e4ssigkeit:<\/strong> Ihre Zufriedenheit und die Sicherheit Ihrer G\u00fcter stehen f\u00fcr uns an erster Stelle. Daher sorgen wir daf\u00fcr, dass unsere Lieferwagen regelm\u00e4ssig gewartet werden und sich in optimalem Zustand befinden.<\/li><li><strong>Kundenservice:<\/strong> Unser engagiertes Team steht Ihnen bei der Auswahl des richtigen Fahrzeugs gerne zur Seite. Wir nehmen uns die Zeit, um Ihre Bed\u00fcrfnisse zu verstehen und Ihnen die bestm\u00f6gliche L\u00f6sung anzubieten.<\/li><li><strong>Einfachheit:<\/strong> Wir wissen, dass der Mietprozess so einfach wie m\u00f6glich sein sollte. Mit klaren Buchungsverfahren und transparenten Preisen m\u00f6chten wir Ihnen den gesamten Vorgang angenehm gestalten.<\/li><li><strong>Flexibilit\u00e4t:<\/strong> Wir bieten verschiedene Mietdauern an, um sicherzustellen, dass Sie das Fahrzeug nur dann mieten, wenn Sie es wirklich ben\u00f6tigen. Egal, ob es sich um einen kurzfristigen Bedarf oder eine l\u00e4ngere Mietdauer handelt \u2013 wir passen uns Ihren Anforderungen an.<\/li><\/ol><p><strong>Unser Team:<\/strong><\/p><p>Unser engagiertes Team bei ALZ steht bereit, um Ihnen zu helfen. Wir sind stolz darauf, Ihnen den bestm\u00f6glichen Service zu bieten und sicherzustellen, dass Sie die richtige Wahl f\u00fcr Ihren Transport treffen.<\/p><p>Wir freuen uns darauf, Ihnen die passende L\u00f6sung f\u00fcr Ihre Lieferwagenanmietung bieten zu k\u00f6nnen. Kontaktieren Sie uns noch heute, um mehr \u00fcber unsere Fahrzeuge und Mietoptionen zu erfahren. Verlassen Sie sich auf ALZ, um Ihre Transporte reibungslos und effizient zu gestalten.<\/p>\t\t\t\t\t\t\t\t<\/div>\n\t\t\t\t<\/div>\n\t\t\t\t\t<\/div>\n\t\t<\/div>\n\t\t\t\t\t<\/div>\n\t\t<\/section>\n\t\t\t\t<section class=\"elementor-section elementor-top-section elementor-element elementor-element-fbc4f6e elementor-section-boxed elementor-section-height-default elementor-section-height-default\" data-id=\"fbc4f6e\" data-element_type=\"section\" data-e-type=\"section\">\n\t\t\t\t\t\t<div class=\"elementor-container elementor-column-gap-default\">\n\t\t\t\t\t<div class=\"elementor-column elementor-col-50 elementor-top-column elementor-element elementor-element-e0f10c0\" data-id=\"e0f10c0\" data-element_type=\"column\" data-e-type=\"column\">\n\t\t\t<div class=\"elementor-widget-wrap elementor-element-populated\">\n\t\t\t\t\t\t<div class=\"elementor-element elementor-element-e3a96bc elementor-widget elementor-widget-text-editor\" data-id=\"e3a96bc\" data-element_type=\"widget\" data-e-type=\"widget\" data-widget_type=\"text-editor.default\">\n\t\t\t\t<div class=\"elementor-widget-container\">\n\t\t\t\t\t\t\t\t\t<p>Bojan<\/p><p><img decoding=\"async\" src=\"https:\/\/alz-mieten.ch\/wp-content\/uploads\/2023\/08\/Bojan-300x300.jpg\" alt=\"\" width=\"127\" height=\"127\" class=\"alignnone  wp-image-2352\" srcset=\"https:\/\/alz-mieten.ch\/wp-content\/uploads\/2023\/08\/Bojan-300x300.jpg 300w, https:\/\/alz-mieten.ch\/wp-content\/uploads\/2023\/08\/Bojan-150x150.jpg 150w, https:\/\/alz-mieten.ch\/wp-content\/uploads\/2023\/08\/Bojan.jpg 341w\" sizes=\"(max-width: 127px) 100vw, 127px\" \/><\/p>\t\t\t\t\t\t\t\t<\/div>\n\t\t\t\t<\/div>\n\t\t\t\t\t<\/div>\n\t\t<\/div>\n\t\t\t\t<div class=\"elementor-column elementor-col-50 elementor-top-column elementor-element elementor-element-f6cea85\" data-id=\"f6cea85\" data-element_type=\"column\" data-e-type=\"column\">\n\t\t\t<div class=\"elementor-widget-wrap elementor-element-populated\">\n\t\t\t\t\t\t<div class=\"elementor-element elementor-element-d9c4ee6 elementor-widget elementor-widget-text-editor\" data-id=\"d9c4ee6\" data-element_type=\"widget\" data-e-type=\"widget\" data-widget_type=\"text-editor.default\">\n\t\t\t\t<div class=\"elementor-widget-container\">\n\t\t\t\t\t\t\t\t\t<p>Zeljko<\/p><p><img decoding=\"async\" src=\"https:\/\/alz-mieten.ch\/wp-content\/uploads\/2023\/08\/Zeljko-250x300.jpg\" alt=\"\" width=\"113\" height=\"135\" class=\"alignnone wp-image-2353\" srcset=\"https:\/\/alz-mieten.ch\/wp-content\/uploads\/2023\/08\/Zeljko-250x300.jpg 250w, https:\/\/alz-mieten.ch\/wp-content\/uploads\/2023\/08\/Zeljko.jpg 288w\" sizes=\"(max-width: 113px) 100vw, 113px\" \/><\/p>\t\t\t\t\t\t\t\t<\/div>\n\t\t\t\t<\/div>\n\t\t\t\t\t<\/div>\n\t\t<\/div>\n\t\t\t\t\t<\/div>\n\t\t<\/section>\n\t\t\t\t<\/div>\n\t\t","protected":false},"excerpt":{"rendered":"<p>ALZ Lieferwagenvermietung GmbH Ihre Fracht, Unser Service Willkommen bei ALZ! Unser Unternehmen ist Ihr zuverl\u00e4ssiger Partner, wenn es um die Vermietung von Lieferwagen geht. Unser Fokus liegt darauf, Ihnen hochwertige Fahrzeuge f\u00fcr Ihre Transportbed\u00fcrfnisse zur Verf\u00fcgung zu stellen. Egal ob Umzug, Warenlieferung oder andere Transportanliegen \u2013 bei uns finden Sie [&hellip;]<\/p>\n","protected":false},"author":1,"featured_media":0,"parent":0,"menu_order":0,"comment_status":"closed","ping_status":"closed","template":"","meta":{"_joinchat":[],"footnotes":""},"class_list":["post-2338","page","type-page","status-publish","hentry"],"_links":{"self":[{"href":"https:\/\/alz-mieten.ch\/index.php\/wp-json\/wp\/v2\/pages\/2338","targetHints":{"allow":["GET"]}}],"collection":[{"href":"https:\/\/alz-mieten.ch\/index.php\/wp-json\/wp\/v2\/pages"}],"about":[{"href":"https:\/\/alz-mieten.ch\/index.php\/wp-json\/wp\/v2\/types\/page"}],"author":[{"embeddable":true,"href":"https:\/\/alz-mieten.ch\/index.php\/wp-json\/wp\/v2\/users\/1"}],"replies":[{"embeddable":true,"href":"https:\/\/alz-mieten.ch\/index.php\/wp-json\/wp\/v2\/comments?post=2338"}],"version-history":[{"count":23,"href":"https:\/\/alz-mieten.ch\/index.php\/wp-json\/wp\/v2\/pages\/2338\/revisions"}],"predecessor-version":[{"id":2368,"href":"https:\/\/alz-mieten.ch\/index.php\/wp-json\/wp\/v2\/pages\/2338\/revisions\/2368"}],"wp:attachment":[{"href":"https:\/\/alz-mieten.ch\/index.php\/wp-json\/wp\/v2\/media?parent=2338"}],"curies":[{"name":"wp","href":"https:\/\/api.w.org\/{rel}","templated":true}]}}