{"id":110,"date":"2018-12-02T10:31:19","date_gmt":"2018-12-02T10:31:19","guid":{"rendered":"https:\/\/alz-mieten.ch\/?page_id=110"},"modified":"2022-06-11T11:01:43","modified_gmt":"2022-06-11T09:01:43","slug":"impressum","status":"publish","type":"page","link":"https:\/\/alz-mieten.ch\/index.php\/impressum\/","title":{"rendered":"Impressum"},"content":{"rendered":"\t\t<div data-elementor-type=\"wp-post\" data-elementor-id=\"110\" class=\"elementor elementor-110\">\n\t\t\t\t\t\t<section class=\"elementor-section elementor-top-section elementor-element elementor-element-047d8a3 elementor-section-full_width elementor-section-height-default elementor-section-height-default\" data-id=\"047d8a3\" data-element_type=\"section\" data-e-type=\"section\" data-settings=\"{&quot;background_background&quot;:&quot;classic&quot;}\">\n\t\t\t\t\t\t<div class=\"elementor-container elementor-column-gap-default\">\n\t\t\t\t\t<div class=\"elementor-column elementor-col-100 elementor-top-column elementor-element elementor-element-6876023\" data-id=\"6876023\" data-element_type=\"column\" data-e-type=\"column\">\n\t\t\t<div class=\"elementor-widget-wrap elementor-element-populated\">\n\t\t\t\t\t\t<div class=\"elementor-element elementor-element-f6d19da elementor-widget elementor-widget-text-editor\" data-id=\"f6d19da\" data-element_type=\"widget\" data-e-type=\"widget\" data-widget_type=\"text-editor.default\">\n\t\t\t\t<div class=\"elementor-widget-container\">\n\t\t\t\t\t\t\t\t\t<h1><strong>Impressum<\/strong><\/h1>\t\t\t\t\t\t\t\t<\/div>\n\t\t\t\t<\/div>\n\t\t\t\t<div class=\"elementor-element elementor-element-ad30d22 elementor-widget elementor-widget-text-editor\" data-id=\"ad30d22\" data-element_type=\"widget\" data-e-type=\"widget\" data-widget_type=\"text-editor.default\">\n\t\t\t\t<div class=\"elementor-widget-container\">\n\t\t\t\t\t\t\t\t\t<div class=\"elementor-element elementor-element-3b2625e elementor-widget elementor-widget-text-editor\" data-id=\"3b2625e\" data-element_type=\"widget\" data-widget_type=\"text-editor.default\"><div class=\"elementor-widget-container\"><div class=\"elementor-text-editor elementor-clearfix\"><p><strong>Gesch\u00e4ftsf\u00fchrer<\/strong><\/p><p>Lukic Zeljko<br \/>Lukic Bojan<\/p><p><strong>ALZ GmbH<\/strong><br \/>Ruopigenh\u00f6he 13<br \/>6015 Luzern<br \/>Tel. +41 79 658 06 30<br \/>www.alz-mieten.ch<br \/>info@alz-mieten.ch<\/p><p class=\"key\">UID: CHE-382.049.764<\/p><p class=\"key\">CH-ID: CH-100-4806935-7<\/p><\/div><\/div><\/div><div class=\"elementor-element elementor-element-f8d21fd elementor-widget elementor-widget-text-editor\" data-id=\"f8d21fd\" data-element_type=\"widget\" data-widget_type=\"text-editor.default\"><div class=\"elementor-widget-container\"><div class=\"elementor-text-editor elementor-clearfix\"><div class=\"ed-element ed-headline\"><strong>Haftungsausschluss<\/strong><\/div><div class=\"ed-element ed-headline\"><strong>\u00a0<\/strong><\/div><div class=\"ed-element ed-headline\"><strong>\u00a0<\/strong><\/div><div><\/div><p>Der Autor hat alle in seinem Bereich bereitgestellten Informationen nach bestem Wissen und Gewissen erarbeitet und gepr\u00fcft. Jedoch \u00fcbernimmt der Autor keinerlei Gew\u00e4hr f\u00fcr die Aktualit\u00e4t, Korrektheit, Vollst\u00e4ndigkeit oder Qualit\u00e4t der bereitgestellten Informationen. Haftungsanspr\u00fcche gegen den Autor, welche sich auf Sch\u00e4den materieller oder ideeller Art beziehen, die durch die Nutzung oder Nichtnutzung der dargebotenen Informationen bzw. durch die Nutzung fehlerhafter und unvollst\u00e4ndiger Informationen verursacht wurden, sind grunds\u00e4tzlich ausgeschlossen, sofern seitens des Autors kein nachweislich vors\u00e4tzliches oder grob fahrl\u00e4ssiges Verschulden vorliegt.<\/p><p>Alle Angebote sind freibleibend und unverbindlich. Der Autor beh\u00e4lt es sich ausdr\u00fccklich vor, Teile der Seiten oder das gesamte Angebot ohne gesonderte Ank\u00fcndigung zu ver\u00e4ndern, zu erg\u00e4nzen, zu l\u00f6schen oder die Ver\u00f6ffentlichung zeitweise oder endg\u00fcltig einzustellen.<\/p><\/div><\/div><\/div>\t\t\t\t\t\t\t\t<\/div>\n\t\t\t\t<\/div>\n\t\t\t\t\t<\/div>\n\t\t<\/div>\n\t\t\t\t\t<\/div>\n\t\t<\/section>\n\t\t\t\t<\/div>\n\t\t","protected":false},"excerpt":{"rendered":"<p>Impressum Gesch\u00e4ftsf\u00fchrer Lukic ZeljkoLukic Bojan ALZ GmbHRuopigenh\u00f6he 136015 LuzernTel. +41 79 658 06 30www.alz-mieten.chinfo@alz-mieten.ch UID: CHE-382.049.764 CH-ID: CH-100-4806935-7 Haftungsausschluss\u00a0\u00a0 Der Autor hat alle in seinem Bereich bereitgestellten Informationen nach bestem Wissen und Gewissen erarbeitet und gepr\u00fcft. Jedoch \u00fcbernimmt der Autor keinerlei Gew\u00e4hr f\u00fcr die Aktualit\u00e4t, Korrektheit, Vollst\u00e4ndigkeit oder Qualit\u00e4t der [&hellip;]<\/p>\n","protected":false},"author":1,"featured_media":0,"parent":0,"menu_order":0,"comment_status":"closed","ping_status":"closed","template":"","meta":{"_joinchat":[],"footnotes":""},"class_list":["post-110","page","type-page","status-publish","hentry"],"_links":{"self":[{"href":"https:\/\/alz-mieten.ch\/index.php\/wp-json\/wp\/v2\/pages\/110","targetHints":{"allow":["GET"]}}],"collection":[{"href":"https:\/\/alz-mieten.ch\/index.php\/wp-json\/wp\/v2\/pages"}],"about":[{"href":"https:\/\/alz-mieten.ch\/index.php\/wp-json\/wp\/v2\/types\/page"}],"author":[{"embeddable":true,"href":"https:\/\/alz-mieten.ch\/index.php\/wp-json\/wp\/v2\/users\/1"}],"replies":[{"embeddable":true,"href":"https:\/\/alz-mieten.ch\/index.php\/wp-json\/wp\/v2\/comments?post=110"}],"version-history":[{"count":33,"href":"https:\/\/alz-mieten.ch\/index.php\/wp-json\/wp\/v2\/pages\/110\/revisions"}],"predecessor-version":[{"id":1751,"href":"https:\/\/alz-mieten.ch\/index.php\/wp-json\/wp\/v2\/pages\/110\/revisions\/1751"}],"wp:attachment":[{"href":"https:\/\/alz-mieten.ch\/index.php\/wp-json\/wp\/v2\/media?parent=110"}],"curies":[{"name":"wp","href":"https:\/\/api.w.org\/{rel}","templated":true}]}}