{"id":107,"date":"2018-12-01T14:50:52","date_gmt":"2018-12-01T14:50:52","guid":{"rendered":"https:\/\/alz-mieten.ch\/?page_id=107"},"modified":"2025-02-11T21:52:02","modified_gmt":"2025-02-11T19:52:02","slug":"kontakt","status":"publish","type":"page","link":"https:\/\/alz-mieten.ch\/index.php\/kontakt\/","title":{"rendered":"Kontakt"},"content":{"rendered":"\t\t<div data-elementor-type=\"wp-post\" data-elementor-id=\"107\" class=\"elementor elementor-107\">\n\t\t\t\t\t\t<section class=\"elementor-section elementor-top-section elementor-element elementor-element-10ee37f elementor-section-boxed elementor-section-height-default elementor-section-height-default\" data-id=\"10ee37f\" data-element_type=\"section\" data-e-type=\"section\">\n\t\t\t\t\t\t<div class=\"elementor-container elementor-column-gap-default\">\n\t\t\t\t\t<div class=\"elementor-column elementor-col-100 elementor-top-column elementor-element elementor-element-c3639a7\" data-id=\"c3639a7\" data-element_type=\"column\" data-e-type=\"column\">\n\t\t\t<div class=\"elementor-widget-wrap elementor-element-populated\">\n\t\t\t\t\t\t<div class=\"elementor-element elementor-element-1b65e93 elementor-widget elementor-widget-spacer\" data-id=\"1b65e93\" data-element_type=\"widget\" data-e-type=\"widget\" data-widget_type=\"spacer.default\">\n\t\t\t\t<div class=\"elementor-widget-container\">\n\t\t\t\t\t\t\t<div class=\"elementor-spacer\">\n\t\t\t<div class=\"elementor-spacer-inner\"><\/div>\n\t\t<\/div>\n\t\t\t\t\t\t<\/div>\n\t\t\t\t<\/div>\n\t\t\t\t\t<\/div>\n\t\t<\/div>\n\t\t\t\t\t<\/div>\n\t\t<\/section>\n\t\t\t\t<section class=\"elementor-section elementor-top-section elementor-element elementor-element-2679c6e elementor-section-boxed elementor-section-height-default elementor-section-height-default\" data-id=\"2679c6e\" data-element_type=\"section\" data-e-type=\"section\">\n\t\t\t\t\t\t<div class=\"elementor-container elementor-column-gap-default\">\n\t\t\t\t\t<div class=\"elementor-column elementor-col-100 elementor-top-column elementor-element elementor-element-21817bf\" data-id=\"21817bf\" data-element_type=\"column\" data-e-type=\"column\">\n\t\t\t<div class=\"elementor-widget-wrap elementor-element-populated\">\n\t\t\t\t\t\t<div class=\"elementor-element elementor-element-6c779cd elementor-widget elementor-widget-text-editor\" data-id=\"6c779cd\" data-element_type=\"widget\" data-e-type=\"widget\" data-widget_type=\"text-editor.default\">\n\t\t\t\t<div class=\"elementor-widget-container\">\n\t\t\t\t\t\t\t\t\t<p>Wir informieren und beraten Sie gerne n\u00e4her \u00fcber unsere Dienstleistungen.<\/p><p>ALZ Lieferwagenvermietung GmbH<br \/>Ruopigenh\u00f6he 13<br \/>6015 Luzern<br \/>Telefonnummer: 079 658 06 30<br \/><a href=\"mailto:info@alz-mieten.ch\" target=\"_blank\" rel=\"noopener noreferrer\">info@alz-mieten.ch<\/a><\/p>\t\t\t\t\t\t\t\t<\/div>\n\t\t\t\t<\/div>\n\t\t\t\t\t<\/div>\n\t\t<\/div>\n\t\t\t\t\t<\/div>\n\t\t<\/section>\n\t\t\t\t<\/div>\n\t\t","protected":false},"excerpt":{"rendered":"<p>Wir informieren und beraten Sie gerne n\u00e4her \u00fcber unsere Dienstleistungen. ALZ Lieferwagenvermietung GmbHRuopigenh\u00f6he 136015 LuzernTelefonnummer: 079 658 06 30info@alz-mieten.ch<\/p>\n","protected":false},"author":1,"featured_media":0,"parent":0,"menu_order":0,"comment_status":"closed","ping_status":"closed","template":"","meta":{"_joinchat":[],"footnotes":""},"class_list":["post-107","page","type-page","status-publish","hentry"],"_links":{"self":[{"href":"https:\/\/alz-mieten.ch\/index.php\/wp-json\/wp\/v2\/pages\/107","targetHints":{"allow":["GET"]}}],"collection":[{"href":"https:\/\/alz-mieten.ch\/index.php\/wp-json\/wp\/v2\/pages"}],"about":[{"href":"https:\/\/alz-mieten.ch\/index.php\/wp-json\/wp\/v2\/types\/page"}],"author":[{"embeddable":true,"href":"https:\/\/alz-mieten.ch\/index.php\/wp-json\/wp\/v2\/users\/1"}],"replies":[{"embeddable":true,"href":"https:\/\/alz-mieten.ch\/index.php\/wp-json\/wp\/v2\/comments?post=107"}],"version-history":[{"count":26,"href":"https:\/\/alz-mieten.ch\/index.php\/wp-json\/wp\/v2\/pages\/107\/revisions"}],"predecessor-version":[{"id":2420,"href":"https:\/\/alz-mieten.ch\/index.php\/wp-json\/wp\/v2\/pages\/107\/revisions\/2420"}],"wp:attachment":[{"href":"https:\/\/alz-mieten.ch\/index.php\/wp-json\/wp\/v2\/media?parent=107"}],"curies":[{"name":"wp","href":"https:\/\/api.w.org\/{rel}","templated":true}]}}